{"id":58,"date":"2019-05-01T21:09:02","date_gmt":"2019-05-01T21:09:02","guid":{"rendered":"http:\/\/sefarad-asturias.org\/zivialubetkin\/?page_id=58"},"modified":"2021-10-20T13:46:03","modified_gmt":"2021-10-20T11:46:03","slug":"biografia","status":"publish","type":"page","link":"https:\/\/sefarad-asturias.org\/zivialubetkin\/biografia\/","title":{"rendered":"Biograf\u00eda de Zivia Lubetkin"},"content":{"rendered":"\t\t<div data-elementor-type=\"wp-page\" data-elementor-id=\"58\" class=\"elementor elementor-58\">\n\t\t\t\t\t\t<section class=\"elementor-section elementor-top-section elementor-element elementor-element-de3390a elementor-section-boxed elementor-section-height-default elementor-section-height-default\" data-id=\"de3390a\" data-element_type=\"section\" data-e-type=\"section\">\n\t\t\t\t\t\t<div class=\"elementor-container elementor-column-gap-default\">\n\t\t\t\t\t<div class=\"elementor-column elementor-col-100 elementor-top-column elementor-element elementor-element-ea4a5bf\" data-id=\"ea4a5bf\" data-element_type=\"column\" data-e-type=\"column\">\n\t\t\t<div class=\"elementor-widget-wrap elementor-element-populated\">\n\t\t\t\t\t\t<div class=\"elementor-element elementor-element-c3a147e elementor-widget elementor-widget-image\" data-id=\"c3a147e\" data-element_type=\"widget\" data-e-type=\"widget\" data-widget_type=\"image.default\">\n\t\t\t\t<div class=\"elementor-widget-container\">\n\t\t\t\t\t\t\t\t\t\t\t\t\t\t\t<img fetchpriority=\"high\" decoding=\"async\" width=\"825\" height=\"69\" src=\"https:\/\/sefarad-asturias.org\/zivialubetkin\/wp-content\/uploads\/2021\/10\/biografi1.png\" class=\"attachment-full size-full wp-image-1686\" alt=\"\" srcset=\"https:\/\/sefarad-asturias.org\/zivialubetkin\/wp-content\/uploads\/2021\/10\/biografi1.png 825w, https:\/\/sefarad-asturias.org\/zivialubetkin\/wp-content\/uploads\/2021\/10\/biografi1-300x25.png 300w, https:\/\/sefarad-asturias.org\/zivialubetkin\/wp-content\/uploads\/2021\/10\/biografi1-768x64.png 768w\" sizes=\"(max-width: 825px) 100vw, 825px\" \/>\t\t\t\t\t\t\t\t\t\t\t\t\t\t\t<\/div>\n\t\t\t\t<\/div>\n\t\t\t\t\t<\/div>\n\t\t<\/div>\n\t\t\t\t\t<\/div>\n\t\t<\/section>\n\t\t\t\t<section class=\"elementor-section elementor-top-section elementor-element elementor-element-01d3d22 elementor-section-boxed elementor-section-height-default elementor-section-height-default\" data-id=\"01d3d22\" data-element_type=\"section\" data-e-type=\"section\">\n\t\t\t\t\t\t<div class=\"elementor-container elementor-column-gap-default\">\n\t\t\t\t\t<div class=\"elementor-column elementor-col-100 elementor-top-column elementor-element elementor-element-0f6ab61\" data-id=\"0f6ab61\" data-element_type=\"column\" data-e-type=\"column\">\n\t\t\t<div class=\"elementor-widget-wrap\">\n\t\t\t\t\t\t\t<\/div>\n\t\t<\/div>\n\t\t\t\t\t<\/div>\n\t\t<\/section>\n\t\t\t\t<section class=\"elementor-section elementor-top-section elementor-element elementor-element-1b490efe elementor-section-stretched elementor-section-boxed elementor-section-height-default elementor-section-height-default\" data-id=\"1b490efe\" data-element_type=\"section\" data-e-type=\"section\" data-settings=\"{&quot;stretch_section&quot;:&quot;section-stretched&quot;}\">\n\t\t\t\t\t\t<div class=\"elementor-container elementor-column-gap-default\">\n\t\t\t\t\t<div class=\"elementor-column elementor-col-33 elementor-top-column elementor-element elementor-element-4a07e8fc\" data-id=\"4a07e8fc\" data-element_type=\"column\" data-e-type=\"column\">\n\t\t\t<div class=\"elementor-widget-wrap elementor-element-populated\">\n\t\t\t\t\t\t<div class=\"elementor-element elementor-element-41878eba elementor-invisible elementor-widget elementor-widget-image\" data-id=\"41878eba\" data-element_type=\"widget\" data-e-type=\"widget\" data-settings=\"{&quot;_animation&quot;:&quot;fadeInUp&quot;}\" data-widget_type=\"image.default\">\n\t\t\t\t<div class=\"elementor-widget-container\">\n\t\t\t\t\t\t\t\t\t\t\t\t\t\t\t<img decoding=\"async\" width=\"508\" height=\"600\" src=\"https:\/\/sefarad-asturias.org\/zivialubetkin\/wp-content\/uploads\/2019\/05\/Zivia1.jpg\" class=\"attachment-large size-large wp-image-45\" alt=\"\" srcset=\"https:\/\/sefarad-asturias.org\/zivialubetkin\/wp-content\/uploads\/2019\/05\/Zivia1.jpg 508w, https:\/\/sefarad-asturias.org\/zivialubetkin\/wp-content\/uploads\/2019\/05\/Zivia1-254x300.jpg 254w\" sizes=\"(max-width: 508px) 100vw, 508px\" \/>\t\t\t\t\t\t\t\t\t\t\t\t\t\t\t<\/div>\n\t\t\t\t<\/div>\n\t\t\t\t<div class=\"elementor-element elementor-element-009d194 elementor-invisible elementor-widget elementor-widget-image\" data-id=\"009d194\" data-element_type=\"widget\" data-e-type=\"widget\" data-settings=\"{&quot;_animation&quot;:&quot;fadeInUp&quot;}\" data-widget_type=\"image.default\">\n\t\t\t\t<div class=\"elementor-widget-container\">\n\t\t\t\t\t\t\t\t\t\t\t\t\t\t\t<img decoding=\"async\" width=\"252\" height=\"200\" src=\"https:\/\/sefarad-asturias.org\/zivialubetkin\/wp-content\/uploads\/2021\/10\/download.jpg\" class=\"attachment-large size-large wp-image-1793\" alt=\"\" \/>\t\t\t\t\t\t\t\t\t\t\t\t\t\t\t<\/div>\n\t\t\t\t<\/div>\n\t\t\t\t<div class=\"elementor-element elementor-element-02bb7cb elementor-invisible elementor-widget elementor-widget-image\" data-id=\"02bb7cb\" data-element_type=\"widget\" data-e-type=\"widget\" data-settings=\"{&quot;_animation&quot;:&quot;fadeInUp&quot;}\" data-widget_type=\"image.default\">\n\t\t\t\t<div class=\"elementor-widget-container\">\n\t\t\t\t\t\t\t\t\t\t\t\t\t\t\t<img loading=\"lazy\" decoding=\"async\" width=\"189\" height=\"267\" src=\"https:\/\/sefarad-asturias.org\/zivialubetkin\/wp-content\/uploads\/2021\/10\/images.jpg\" class=\"attachment-large size-large wp-image-1796\" alt=\"\" \/>\t\t\t\t\t\t\t\t\t\t\t\t\t\t\t<\/div>\n\t\t\t\t<\/div>\n\t\t\t\t<div class=\"elementor-element elementor-element-11c57a6 elementor-invisible elementor-widget elementor-widget-image\" data-id=\"11c57a6\" data-element_type=\"widget\" data-e-type=\"widget\" data-settings=\"{&quot;_animation&quot;:&quot;fadeInUp&quot;}\" data-widget_type=\"image.default\">\n\t\t\t\t<div class=\"elementor-widget-container\">\n\t\t\t\t\t\t\t\t\t\t\t\t\t\t\t\t<a href=\"http:\/\/sefarad-asturias.org\/kehila\" target=\"_blank\">\n\t\t\t\t\t\t\t<img loading=\"lazy\" decoding=\"async\" width=\"197\" height=\"256\" src=\"https:\/\/sefarad-asturias.org\/zivialubetkin\/wp-content\/uploads\/2021\/10\/download-8.jpg\" class=\"attachment-large size-large wp-image-1792\" alt=\"\" \/>\t\t\t\t\t\t\t\t<\/a>\n\t\t\t\t\t\t\t\t\t\t\t\t\t\t\t<\/div>\n\t\t\t\t<\/div>\n\t\t\t\t<div class=\"elementor-element elementor-element-954c8ee elementor-invisible elementor-widget elementor-widget-image\" data-id=\"954c8ee\" data-element_type=\"widget\" data-e-type=\"widget\" data-settings=\"{&quot;_animation&quot;:&quot;fadeInUp&quot;}\" data-widget_type=\"image.default\">\n\t\t\t\t<div class=\"elementor-widget-container\">\n\t\t\t\t\t\t\t\t\t\t\t\t\t\t\t\t<a href=\"http:\/\/sefarad-asturias.org\/kehila\" target=\"_blank\">\n\t\t\t\t\t\t\t<img loading=\"lazy\" decoding=\"async\" width=\"181\" height=\"279\" src=\"https:\/\/sefarad-asturias.org\/zivialubetkin\/wp-content\/uploads\/2021\/10\/download-1.jpg\" class=\"attachment-large size-large wp-image-1785\" alt=\"\" \/>\t\t\t\t\t\t\t\t<\/a>\n\t\t\t\t\t\t\t\t\t\t\t\t\t\t\t<\/div>\n\t\t\t\t<\/div>\n\t\t\t\t\t<\/div>\n\t\t<\/div>\n\t\t\t\t<div class=\"elementor-column elementor-col-33 elementor-top-column elementor-element elementor-element-24b060c2\" data-id=\"24b060c2\" data-element_type=\"column\" data-e-type=\"column\">\n\t\t\t<div class=\"elementor-widget-wrap elementor-element-populated\">\n\t\t\t\t\t\t<div class=\"elementor-element elementor-element-9eeed09 elementor-tabs-view-horizontal elementor-widget elementor-widget-tabs\" data-id=\"9eeed09\" data-element_type=\"widget\" data-e-type=\"widget\" data-widget_type=\"tabs.default\">\n\t\t\t\t<div class=\"elementor-widget-container\">\n\t\t\t\t\t\t\t<div class=\"elementor-tabs\">\n\t\t\t<div class=\"elementor-tabs-wrapper\" role=\"tablist\" >\n\t\t\t\t\t\t\t\t\t<div id=\"elementor-tab-title-1661\" class=\"elementor-tab-title elementor-tab-desktop-title\" aria-selected=\"true\" data-tab=\"1\" role=\"tab\" tabindex=\"0\" aria-controls=\"elementor-tab-content-1661\" aria-expanded=\"false\">Zivia Lubetkin<\/div>\n\t\t\t\t\t\t\t<\/div>\n\t\t\t<div class=\"elementor-tabs-content-wrapper\" role=\"tablist\" aria-orientation=\"vertical\">\n\t\t\t\t\t\t\t\t\t<div class=\"elementor-tab-title elementor-tab-mobile-title\" aria-selected=\"true\" data-tab=\"1\" role=\"tab\" tabindex=\"0\" aria-controls=\"elementor-tab-content-1661\" aria-expanded=\"false\">Zivia Lubetkin<\/div>\n\t\t\t\t\t<div id=\"elementor-tab-content-1661\" class=\"elementor-tab-content elementor-clearfix\" data-tab=\"1\" role=\"tabpanel\" aria-labelledby=\"elementor-tab-title-1661\" tabindex=\"0\" hidden=\"false\"><p>Zivia Lubetkin Zukerman, tambi\u00e9n llamada Celina, naci\u00f3 en Polonia en la ciudad de Byte\u0144, cerca de S\u0142onim (actualmente en Bielorrusia). Se uni\u00f3 a una edad temprana al Movimiento Laborista Sionista. Durante sus a\u00f1os escolares fue educada en hebreo por tutores privados. En su adolescencia se uni\u00f3 al movimiento juvenil sionista Dror, y en 1938 se convirti\u00f3 en miembro de su Consejo Ejecutivo. Despu\u00e9s de la Alemania nazi y m\u00e1s tarde, cuando la Uni\u00f3n Sovi\u00e9tica invadi\u00f3 Polonia en septiembre de 1939, hizo un peligroso viaje desde la parte ocupada por los sovi\u00e9ticos hasta Varsovia para unirse al movimiento clandestino de lucha contra los nazis. Tambi\u00e9n en 1939, asisti\u00f3 al vig\u00e9simo primer Congreso Sionista como delegada del bloque laborista de Erez Israel.<\/p><p>En 1942, Zivia Lubetkin ayud\u00f3 a fundar el Bloque Antifascista Sionista de izquierdas. Esta ser\u00eda la primera organizaci\u00f3n de resistencia en el Gueto de Varsovia para enfrentarse a las fuerzas alemanas en combate. Tambi\u00e9n, como una de las fundadoras del \u017bOB, particip\u00f3 en el consejo pol\u00edtico de la Comunidad Jud\u00eda de Varsovia, en el Comit\u00e9 Nacional Jud\u00edo (\u017bydowska Komitet Narodowy, \u017bKN), y en el Comit\u00e9 Coordinador, una organizaci\u00f3n \u00abparaguas\u00bb que comprend\u00eda el \u017bKN y el Partido Laborista Jud\u00edo (Bund, no -Sionista), que patrocin\u00f3 el \u017bOB.<\/p><p>Durante sus a\u00f1os de actividades clandestinas, el nombre Zivia (\u00abCywia\u00bb) se convirti\u00f3 en la palabra clave para Polonia en las cartas enviadas por varios grupos de resistencia, dentro y fuera del Gueto de Varsovia.<\/p><p>Fue una de las l\u00edderes del Levantamiento del Gueto de Varsovia y una de las 34 luchadoras que sobrevivieron a la guerra. Despu\u00e9s de conducir a su grupo de combatientes que sobrevivieron a trav\u00e9s de las alcantarillas de Varsovia con la ayuda de Simja \u00abKazik\u00bb Rotem, en los \u00faltimos d\u00edas del levantamiento del gueto (el 10 de mayo de 1943), continu\u00f3 sus actividades de resistencia fuera del gueto, en Varsovia.<\/p><p>Zivia particip\u00f3 en el Levantamiento de los habitantes de Varsovia en 1944 y\u00a0\u00a0luch\u00f3 en las unidades de la \u00abArmia Ludowa\u00bb.\u00a0Aunque las fuerzas jud\u00edas ser\u00edan devastadas por los alemanes, Zivia Lubetkin y otros sobrevivientes se salvaron, refugi\u00e1ndose en un hospital que estuvo dispuesto a esconderlos.<\/p><p>El 1 de marzo de 1945, intent\u00f3 emigrar a la tierra de Israel con el l\u00edder partisano Abba Kovner, pero no tuvieron \u00e9xito, ya que la \u00fanica ruta disponible estaba bloqueada, lo que provoc\u00f3 que Zivia regresara a Varsovia.<\/p><p>Despu\u00e9s de la Segunda Guerra Mundial, Zivia Lubetkin particip\u00f3 activamente en la comunidad de sobrevivientes del Holocausto en Europa. Ayud\u00f3 a organizar \u201cBrij\u00e1\u201d, una organizaci\u00f3n compuesta por agentes que ayudaron a los jud\u00edos de Europa del Este y de Centro-Europa a cruzar,\u00a0por canales de inmigraci\u00f3n ilegal, las fronteras en el camino hacia la tierra de Israel, entonces gobernada por el Mandato Brit\u00e1nico.<\/p><p>Ella misma emigr\u00f3 en 1946. Se cas\u00f3 con Yitzjak Zuckerman, el comandante de la \u017bOB, y ellos, junto con otros combatientes del Gueto de Varsovia y los partisanos sobrevivientes de la Sho\u00e1, fundaron el Kibbutz \u201cLohamei Ha\u2019Gueta&#8217;ot\u201d y el Museo de la Casa de los Combatientes del Gueto, ubicado en sus terrenos.<\/p><p>En 1961, Zivia tuvo la gran satisfacci\u00f3n de testificar en el juicio contra Adolf Eichmann, criminal de guerra nazi capturado por Israel, que fue organizador y responsable de la llamada \u201cSoluci\u00f3n final\u201d, principalmente en Polonia.<\/p><p>Los dos hijos de Zivia, Shim\u00f3n (1947) y Yael (1949), nacieron en Kibbutz \u00abLohamei Ha\u2019Guetta&#8217;ot\u00bb, en donde ella vivi\u00f3 el resto de su vida, muriendo el 11 de julio de 1978.<\/p><p>Su nieta, Roni Zuckerman, se convirti\u00f3 en la primera mujer piloto de caza de la Fuerza A\u00e9rea de Israel en 2001.<\/p><\/div>\n\t\t\t\t\t\t\t<\/div>\n\t\t<\/div>\n\t\t\t\t\t\t<\/div>\n\t\t\t\t<\/div>\n\t\t\t\t\t<\/div>\n\t\t<\/div>\n\t\t\t\t<div class=\"elementor-column elementor-col-33 elementor-top-column elementor-element elementor-element-8b4ff91\" data-id=\"8b4ff91\" data-element_type=\"column\" data-e-type=\"column\">\n\t\t\t<div class=\"elementor-widget-wrap elementor-element-populated\">\n\t\t\t\t\t\t<div class=\"elementor-element elementor-element-03197e8 elementor-invisible elementor-widget elementor-widget-image\" data-id=\"03197e8\" data-element_type=\"widget\" data-e-type=\"widget\" data-settings=\"{&quot;_animation&quot;:&quot;fadeInUp&quot;}\" data-widget_type=\"image.default\">\n\t\t\t\t<div class=\"elementor-widget-container\">\n\t\t\t\t\t\t\t\t\t\t\t\t\t\t\t<img loading=\"lazy\" decoding=\"async\" width=\"187\" height=\"269\" src=\"https:\/\/sefarad-asturias.org\/zivialubetkin\/wp-content\/uploads\/2021\/10\/images-2.jpg\" class=\"attachment-large size-large wp-image-1795\" alt=\"\" \/>\t\t\t\t\t\t\t\t\t\t\t\t\t\t\t<\/div>\n\t\t\t\t<\/div>\n\t\t\t\t<div class=\"elementor-element elementor-element-944e195 elementor-invisible elementor-widget elementor-widget-image\" data-id=\"944e195\" data-element_type=\"widget\" data-e-type=\"widget\" data-settings=\"{&quot;_animation&quot;:&quot;fadeInUp&quot;}\" data-widget_type=\"image.default\">\n\t\t\t\t<div class=\"elementor-widget-container\">\n\t\t\t\t\t\t\t\t\t\t\t\t\t\t\t<img loading=\"lazy\" decoding=\"async\" width=\"284\" height=\"177\" src=\"https:\/\/sefarad-asturias.org\/zivialubetkin\/wp-content\/uploads\/2021\/10\/download-4.jpg\" class=\"attachment-large size-large wp-image-1788\" alt=\"\" \/>\t\t\t\t\t\t\t\t\t\t\t\t\t\t\t<\/div>\n\t\t\t\t<\/div>\n\t\t\t\t<div class=\"elementor-element elementor-element-648d6bd elementor-invisible elementor-widget elementor-widget-image\" data-id=\"648d6bd\" data-element_type=\"widget\" data-e-type=\"widget\" data-settings=\"{&quot;_animation&quot;:&quot;fadeInUp&quot;}\" data-widget_type=\"image.default\">\n\t\t\t\t<div class=\"elementor-widget-container\">\n\t\t\t\t\t\t\t\t\t\t\t\t\t\t\t<img loading=\"lazy\" decoding=\"async\" width=\"236\" height=\"214\" src=\"https:\/\/sefarad-asturias.org\/zivialubetkin\/wp-content\/uploads\/2021\/10\/download-5.jpg\" class=\"attachment-large size-large wp-image-1789\" alt=\"\" \/>\t\t\t\t\t\t\t\t\t\t\t\t\t\t\t<\/div>\n\t\t\t\t<\/div>\n\t\t\t\t<div class=\"elementor-element elementor-element-59fd007 elementor-invisible elementor-widget elementor-widget-image\" data-id=\"59fd007\" data-element_type=\"widget\" data-e-type=\"widget\" data-settings=\"{&quot;_animation&quot;:&quot;fadeInUp&quot;}\" data-widget_type=\"image.default\">\n\t\t\t\t<div class=\"elementor-widget-container\">\n\t\t\t\t\t\t\t\t\t\t\t\t\t\t\t<img loading=\"lazy\" decoding=\"async\" width=\"259\" height=\"194\" src=\"https:\/\/sefarad-asturias.org\/zivialubetkin\/wp-content\/uploads\/2021\/10\/download-6.jpg\" class=\"attachment-large size-large wp-image-1790\" alt=\"\" \/>\t\t\t\t\t\t\t\t\t\t\t\t\t\t\t<\/div>\n\t\t\t\t<\/div>\n\t\t\t\t<div class=\"elementor-element elementor-element-a5ae42d elementor-invisible elementor-widget elementor-widget-image\" data-id=\"a5ae42d\" data-element_type=\"widget\" data-e-type=\"widget\" data-settings=\"{&quot;_animation&quot;:&quot;fadeInUp&quot;}\" data-widget_type=\"image.default\">\n\t\t\t\t<div class=\"elementor-widget-container\">\n\t\t\t\t\t\t\t\t\t\t\t\t\t\t\t\t<a href=\"http:\/\/sefarad-asturias.org\/kehila\" target=\"_blank\">\n\t\t\t\t\t\t\t<img loading=\"lazy\" decoding=\"async\" width=\"168\" height=\"300\" src=\"https:\/\/sefarad-asturias.org\/zivialubetkin\/wp-content\/uploads\/2021\/10\/download-7.jpg\" class=\"attachment-large size-large wp-image-1791\" alt=\"\" \/>\t\t\t\t\t\t\t\t<\/a>\n\t\t\t\t\t\t\t\t\t\t\t\t\t\t\t<\/div>\n\t\t\t\t<\/div>\n\t\t\t\t\t<\/div>\n\t\t<\/div>\n\t\t\t\t\t<\/div>\n\t\t<\/section>\n\t\t\t\t<\/div>\n\t\t","protected":false},"excerpt":{"rendered":"<p>Zivia Lubetkin Zivia Lubetkin Zivia Lubetkin Zukerman, tambi\u00e9n llamada Celina, naci\u00f3 en Polonia en la ciudad de Byte\u0144, cerca de S\u0142onim (actualmente en Bielorrusia). Se uni\u00f3 a una edad temprana al Movimiento Laborista Sionista. Durante sus a\u00f1os escolares fue educada en hebreo por tutores privados. En su adolescencia se uni\u00f3 al movimiento juvenil sionista Dror, &#8230; <a title=\"Biograf\u00eda de Zivia Lubetkin\" class=\"read-more\" href=\"https:\/\/sefarad-asturias.org\/zivialubetkin\/biografia\/\" aria-label=\"Leer m\u00e1s sobre Biograf\u00eda de Zivia Lubetkin\">Leer m\u00e1s<\/a><\/p>\n","protected":false},"author":1,"featured_media":0,"parent":0,"menu_order":0,"comment_status":"closed","ping_status":"closed","template":"elementor_header_footer","meta":{"footnotes":""},"class_list":["post-58","page","type-page","status-publish"],"_links":{"self":[{"href":"https:\/\/sefarad-asturias.org\/zivialubetkin\/wp-json\/wp\/v2\/pages\/58","targetHints":{"allow":["GET"]}}],"collection":[{"href":"https:\/\/sefarad-asturias.org\/zivialubetkin\/wp-json\/wp\/v2\/pages"}],"about":[{"href":"https:\/\/sefarad-asturias.org\/zivialubetkin\/wp-json\/wp\/v2\/types\/page"}],"author":[{"embeddable":true,"href":"https:\/\/sefarad-asturias.org\/zivialubetkin\/wp-json\/wp\/v2\/users\/1"}],"replies":[{"embeddable":true,"href":"https:\/\/sefarad-asturias.org\/zivialubetkin\/wp-json\/wp\/v2\/comments?post=58"}],"version-history":[{"count":0,"href":"https:\/\/sefarad-asturias.org\/zivialubetkin\/wp-json\/wp\/v2\/pages\/58\/revisions"}],"wp:attachment":[{"href":"https:\/\/sefarad-asturias.org\/zivialubetkin\/wp-json\/wp\/v2\/media?parent=58"}],"curies":[{"name":"wp","href":"https:\/\/api.w.org\/{rel}","templated":true}]}}