{"id":38,"date":"2019-05-02T20:21:38","date_gmt":"2019-05-02T20:21:38","guid":{"rendered":"http:\/\/sefarad-asturias.org\/zivialubetkin\/?page_id=38"},"modified":"2021-10-20T12:18:36","modified_gmt":"2021-10-20T10:18:36","slug":"contacto","status":"publish","type":"page","link":"https:\/\/sefarad-asturias.org\/zivialubetkin\/contacto\/","title":{"rendered":"Contacto"},"content":{"rendered":"\t\t<div data-elementor-type=\"wp-page\" data-elementor-id=\"38\" class=\"elementor elementor-38\">\n\t\t\t\t\t\t<section class=\"elementor-section elementor-top-section elementor-element elementor-element-6ddb7e0 elementor-section-boxed elementor-section-height-default elementor-section-height-default\" data-id=\"6ddb7e0\" data-element_type=\"section\" data-e-type=\"section\">\n\t\t\t\t\t\t<div class=\"elementor-container elementor-column-gap-default\">\n\t\t\t\t\t<div class=\"elementor-column elementor-col-100 elementor-top-column elementor-element elementor-element-a3f15e7\" data-id=\"a3f15e7\" data-element_type=\"column\" data-e-type=\"column\">\n\t\t\t<div class=\"elementor-widget-wrap elementor-element-populated\">\n\t\t\t\t\t\t<div class=\"elementor-element elementor-element-6561cb5 elementor-widget elementor-widget-image\" data-id=\"6561cb5\" data-element_type=\"widget\" data-e-type=\"widget\" data-widget_type=\"image.default\">\n\t\t\t\t<div class=\"elementor-widget-container\">\n\t\t\t\t\t\t\t\t\t\t\t\t\t\t\t<img fetchpriority=\"high\" decoding=\"async\" width=\"825\" height=\"69\" src=\"https:\/\/sefarad-asturias.org\/zivialubetkin\/wp-content\/uploads\/2021\/10\/contactar.png\" class=\"attachment-large size-large wp-image-1668\" alt=\"\" srcset=\"https:\/\/sefarad-asturias.org\/zivialubetkin\/wp-content\/uploads\/2021\/10\/contactar.png 825w, https:\/\/sefarad-asturias.org\/zivialubetkin\/wp-content\/uploads\/2021\/10\/contactar-300x25.png 300w, https:\/\/sefarad-asturias.org\/zivialubetkin\/wp-content\/uploads\/2021\/10\/contactar-768x64.png 768w\" sizes=\"(max-width: 825px) 100vw, 825px\" \/>\t\t\t\t\t\t\t\t\t\t\t\t\t\t\t<\/div>\n\t\t\t\t<\/div>\n\t\t\t\t\t<\/div>\n\t\t<\/div>\n\t\t\t\t\t<\/div>\n\t\t<\/section>\n\t\t\t\t<section class=\"elementor-section elementor-top-section elementor-element elementor-element-3feef70 elementor-section-boxed elementor-section-height-default elementor-section-height-default\" data-id=\"3feef70\" data-element_type=\"section\" data-e-type=\"section\">\n\t\t\t\t\t\t<div class=\"elementor-container elementor-column-gap-default\">\n\t\t\t\t\t<div class=\"elementor-column elementor-col-33 elementor-top-column elementor-element elementor-element-a7dd589\" data-id=\"a7dd589\" data-element_type=\"column\" data-e-type=\"column\">\n\t\t\t<div class=\"elementor-widget-wrap\">\n\t\t\t\t\t\t\t<\/div>\n\t\t<\/div>\n\t\t\t\t<div class=\"elementor-column elementor-col-33 elementor-top-column elementor-element elementor-element-f3a9cab\" data-id=\"f3a9cab\" data-element_type=\"column\" data-e-type=\"column\">\n\t\t\t<div class=\"elementor-widget-wrap elementor-element-populated\">\n\t\t\t\t\t\t<div class=\"elementor-element elementor-element-b0efccb elementor-invisible elementor-widget elementor-widget-text-editor\" data-id=\"b0efccb\" data-element_type=\"widget\" data-e-type=\"widget\" data-settings=\"{&quot;_animation&quot;:&quot;slideInUp&quot;}\" data-widget_type=\"text-editor.default\">\n\t\t\t\t<div class=\"elementor-widget-container\">\n\t\t\t\t\t\t\t\t\t<p>\u00a0<\/p><p><span style=\"color: #000000;\">\n<div class=\"wpcf7 no-js\" id=\"wpcf7-f186-o1\" lang=\"es-ES\" dir=\"ltr\" data-wpcf7-id=\"186\">\n<div class=\"screen-reader-response\"><p role=\"status\" aria-live=\"polite\" aria-atomic=\"true\"><\/p> <ul><\/ul><\/div>\n<form action=\"\/zivialubetkin\/wp-json\/wp\/v2\/pages\/38#wpcf7-f186-o1\" method=\"post\" class=\"wpcf7-form init\" aria-label=\"Formulario de contacto\" novalidate=\"novalidate\" data-status=\"init\">\n<fieldset class=\"hidden-fields-container\"><input type=\"hidden\" name=\"_wpcf7\" value=\"186\" \/><input type=\"hidden\" name=\"_wpcf7_version\" value=\"6.1.5\" \/><input type=\"hidden\" name=\"_wpcf7_locale\" value=\"es_ES\" \/><input type=\"hidden\" name=\"_wpcf7_unit_tag\" value=\"wpcf7-f186-o1\" \/><input type=\"hidden\" name=\"_wpcf7_container_post\" value=\"0\" \/><input type=\"hidden\" name=\"_wpcf7_posted_data_hash\" value=\"\" \/>\n<\/fieldset>\n<p><label> Tu nombre (requerido)<br \/>\n<span class=\"wpcf7-form-control-wrap\" data-name=\"your-name\"><input size=\"40\" maxlength=\"400\" class=\"wpcf7-form-control wpcf7-text wpcf7-validates-as-required\" aria-required=\"true\" aria-invalid=\"false\" value=\"\" type=\"text\" name=\"your-name\" \/><\/span> <\/label>\n<\/p>\n<p><label> Tu correo electr\u00f3nico (requerido)<br \/>\n<span class=\"wpcf7-form-control-wrap\" data-name=\"your-email\"><input size=\"40\" maxlength=\"400\" class=\"wpcf7-form-control wpcf7-email wpcf7-validates-as-required wpcf7-text wpcf7-validates-as-email\" aria-required=\"true\" aria-invalid=\"false\" value=\"\" type=\"email\" name=\"your-email\" \/><\/span> <\/label>\n<\/p>\n<p><label> Asunto<br \/>\n<span class=\"wpcf7-form-control-wrap\" data-name=\"your-subject\"><input size=\"40\" maxlength=\"400\" class=\"wpcf7-form-control wpcf7-text\" aria-invalid=\"false\" value=\"\" type=\"text\" name=\"your-subject\" \/><\/span> <\/label>\n<\/p>\n<p><label> Tu mensaje<br \/>\n<span class=\"wpcf7-form-control-wrap\" data-name=\"your-message\"><textarea cols=\"40\" rows=\"10\" maxlength=\"2000\" class=\"wpcf7-form-control wpcf7-textarea\" aria-invalid=\"false\" name=\"your-message\"><\/textarea><\/span> <\/label>\n<\/p>\n<p><span class=\"wpcf7-form-control-wrap\" data-name=\"Acepto-privacidad\"><span class=\"wpcf7-form-control wpcf7-acceptance\"><span class=\"wpcf7-list-item\"><input type=\"checkbox\" name=\"Acepto-privacidad\" value=\"1\" aria-invalid=\"false\" \/><\/span><\/span><\/span>Acepto la <a href=\"http:\/\/sefarad-asturias.org\/zivialubetkin\/privacidad\/\">pol\u00edtica de privacidad<\/a>\n<\/p>\n<p><input class=\"wpcf7-form-control wpcf7-submit has-spinner\" type=\"submit\" value=\"Enviar\" \/>\n<\/p><p style=\"display: none !important;\" class=\"akismet-fields-container\" data-prefix=\"_wpcf7_ak_\"><label>&#916;<textarea name=\"_wpcf7_ak_hp_textarea\" cols=\"45\" rows=\"8\" maxlength=\"100\"><\/textarea><\/label><input type=\"hidden\" id=\"ak_js_1\" name=\"_wpcf7_ak_js\" value=\"95\"\/><script>document.getElementById( \"ak_js_1\" ).setAttribute( \"value\", ( new Date() ).getTime() );<\/script><\/p><div class=\"wpcf7-response-output\" aria-hidden=\"true\"><\/div>\n<\/form>\n<\/div>\n<\/span><\/p><p><b><table class=\"pdrgpd_primeracapa\">\n <tr>\n  <th colspan=2 class=\"pdrgpd_primeracapa\">Informaci\u00f3n b\u00e1sica sobre protecci\u00f3n de datos<\/th>\n <\/tr>\n <tr>\n <th class=\"pdrgpd_primeracapa\">Responsable<\/th>\n <td class=\"pdrgpd_primeracapa\">Comunidad Jud\u00eda del Principado de Asturias <a href=\"http:\/\/sefarad-asturias.org\/zivialubetkin\/privacidad\/#responsable\" target=\"_blank\" rel=\"noopener noreferrer\">+info&#8230;<\/a><\/td>\n <\/tr>\n <tr>\n <th class=\"pdrgpd_primeracapa\">Finalidad<\/th>\n <td class=\"pdrgpd_primeracapa\">Keep in contact with you or other required actions. <a href=\"http:\/\/sefarad-asturias.org\/zivialubetkin\/privacidad\/#finalidad\" target=\"_blank\" rel=\"noopener noreferrer\">+info&#8230;<\/a><\/td>\n <\/tr>\n <tr>\n <th class=\"pdrgpd_primeracapa\">Legitimaci\u00f3n<\/th>\n <td class=\"pdrgpd_primeracapa\">Consentimiento del interesado. <a href=\"http:\/\/sefarad-asturias.org\/zivialubetkin\/privacidad\/#legitimacion\" target=\"_blank\" rel=\"noopener noreferrer\">+info&#8230;<\/a><\/td>\n <\/tr>\n <tr>\n <th class=\"pdrgpd_primeracapa\">Destinatarios<\/th>\n <td class=\"pdrgpd_primeracapa\">No se ceder\u00e1n datos a terceros, salvo obligaci\u00f3n legal <a href=\"http:\/\/sefarad-asturias.org\/zivialubetkin\/privacidad\/#transferencia\" target=\"_blank\" rel=\"noopener noreferrer\">+info&#8230;<\/a><\/td>\n <\/tr>\n <tr>\n <th class=\"pdrgpd_primeracapa\">Derechos<\/th>\n <td class=\"pdrgpd_primeracapa\">Acceder, rectificar y cancelar los datos, as\u00ed como otros derechos. <a href=\"http:\/\/sefarad-asturias.org\/zivialubetkin\/privacidad\/#derechos\" target=\"_blank\" rel=\"noopener noreferrer\">+info&#8230;<\/a><\/td>\n <\/tr>\n <tr>\n <th class=\"pdrgpd_primeracapa\">Informaci\u00f3n adicional<\/th>\n <td class=\"pdrgpd_primeracapa\">Puedes consultar la informaci\u00f3n adicional y detallada sobre protecci\u00f3n de datos en nuestra p\u00e1gina de <a href=\"http:\/\/sefarad-asturias.org\/zivialubetkin\/privacidad\/\" target=\"_blank\" rel=\"noopener noreferrer\">pol\u00edtica de privacidad<\/a>.<\/td>\n <\/tr>\n<\/table>\n<\/b><\/p>\t\t\t\t\t\t\t\t<\/div>\n\t\t\t\t<\/div>\n\t\t\t\t\t<\/div>\n\t\t<\/div>\n\t\t\t\t<div class=\"elementor-column elementor-col-33 elementor-top-column elementor-element elementor-element-5b47e2a\" data-id=\"5b47e2a\" data-element_type=\"column\" data-e-type=\"column\">\n\t\t\t<div class=\"elementor-widget-wrap\">\n\t\t\t\t\t\t\t<\/div>\n\t\t<\/div>\n\t\t\t\t\t<\/div>\n\t\t<\/section>\n\t\t\t\t<\/div>\n\t\t","protected":false},"excerpt":{"rendered":"<p>\u00a0<\/p>\n","protected":false},"author":1,"featured_media":0,"parent":0,"menu_order":0,"comment_status":"closed","ping_status":"closed","template":"elementor_header_footer","meta":{"footnotes":""},"class_list":["post-38","page","type-page","status-publish"],"_links":{"self":[{"href":"https:\/\/sefarad-asturias.org\/zivialubetkin\/wp-json\/wp\/v2\/pages\/38","targetHints":{"allow":["GET"]}}],"collection":[{"href":"https:\/\/sefarad-asturias.org\/zivialubetkin\/wp-json\/wp\/v2\/pages"}],"about":[{"href":"https:\/\/sefarad-asturias.org\/zivialubetkin\/wp-json\/wp\/v2\/types\/page"}],"author":[{"embeddable":true,"href":"https:\/\/sefarad-asturias.org\/zivialubetkin\/wp-json\/wp\/v2\/users\/1"}],"replies":[{"embeddable":true,"href":"https:\/\/sefarad-asturias.org\/zivialubetkin\/wp-json\/wp\/v2\/comments?post=38"}],"version-history":[{"count":0,"href":"https:\/\/sefarad-asturias.org\/zivialubetkin\/wp-json\/wp\/v2\/pages\/38\/revisions"}],"wp:attachment":[{"href":"https:\/\/sefarad-asturias.org\/zivialubetkin\/wp-json\/wp\/v2\/media?parent=38"}],"curies":[{"name":"wp","href":"https:\/\/api.w.org\/{rel}","templated":true}]}}