{"id":22,"date":"2019-05-02T20:39:37","date_gmt":"2019-05-02T20:39:37","guid":{"rendered":"http:\/\/sefarad-asturias.org\/zivialubetkin\/?page_id=22"},"modified":"2023-12-28T20:50:20","modified_gmt":"2023-12-28T18:50:20","slug":"agenda","status":"publish","type":"page","link":"https:\/\/sefarad-asturias.org\/zivialubetkin\/agenda\/","title":{"rendered":"Agenda"},"content":{"rendered":"\t\t<div data-elementor-type=\"wp-page\" data-elementor-id=\"22\" class=\"elementor elementor-22\">\n\t\t\t\t\t\t<section class=\"elementor-section elementor-top-section elementor-element elementor-element-5841bca elementor-section-boxed elementor-section-height-default elementor-section-height-default\" data-id=\"5841bca\" data-element_type=\"section\" data-e-type=\"section\">\n\t\t\t\t\t\t<div class=\"elementor-container elementor-column-gap-default\">\n\t\t\t\t\t<div class=\"elementor-column elementor-col-100 elementor-top-column elementor-element elementor-element-9c9e004\" data-id=\"9c9e004\" data-element_type=\"column\" data-e-type=\"column\">\n\t\t\t<div class=\"elementor-widget-wrap elementor-element-populated\">\n\t\t\t\t\t\t<div class=\"elementor-element elementor-element-7ef5997 elementor-widget elementor-widget-image\" data-id=\"7ef5997\" data-element_type=\"widget\" data-e-type=\"widget\" data-widget_type=\"image.default\">\n\t\t\t\t<div class=\"elementor-widget-container\">\n\t\t\t\t\t\t\t\t\t\t\t\t\t\t\t<img fetchpriority=\"high\" decoding=\"async\" width=\"825\" height=\"69\" src=\"https:\/\/sefarad-asturias.org\/zivialubetkin\/wp-content\/uploads\/2021\/10\/acto.educativo.png\" class=\"attachment-large size-large wp-image-1665\" alt=\"\" srcset=\"https:\/\/sefarad-asturias.org\/zivialubetkin\/wp-content\/uploads\/2021\/10\/acto.educativo.png 825w, https:\/\/sefarad-asturias.org\/zivialubetkin\/wp-content\/uploads\/2021\/10\/acto.educativo-300x25.png 300w, https:\/\/sefarad-asturias.org\/zivialubetkin\/wp-content\/uploads\/2021\/10\/acto.educativo-768x64.png 768w\" sizes=\"(max-width: 825px) 100vw, 825px\" \/>\t\t\t\t\t\t\t\t\t\t\t\t\t\t\t<\/div>\n\t\t\t\t<\/div>\n\t\t\t\t\t<\/div>\n\t\t<\/div>\n\t\t\t\t\t<\/div>\n\t\t<\/section>\n\t\t\t\t<section class=\"elementor-section elementor-top-section elementor-element elementor-element-968b014 elementor-section-boxed elementor-section-height-default elementor-section-height-default\" data-id=\"968b014\" data-element_type=\"section\" data-e-type=\"section\">\n\t\t\t\t\t\t<div class=\"elementor-container elementor-column-gap-default\">\n\t\t\t\t\t<div class=\"elementor-column elementor-col-100 elementor-top-column elementor-element elementor-element-e169f2a\" data-id=\"e169f2a\" data-element_type=\"column\" data-e-type=\"column\">\n\t\t\t<div class=\"elementor-widget-wrap elementor-element-populated\">\n\t\t\t\t\t\t<div class=\"elementor-element elementor-element-a3b42c8 elementor-widget elementor-widget-spacer\" data-id=\"a3b42c8\" data-element_type=\"widget\" data-e-type=\"widget\" data-widget_type=\"spacer.default\">\n\t\t\t\t<div class=\"elementor-widget-container\">\n\t\t\t\t\t\t\t<div class=\"elementor-spacer\">\n\t\t\t<div class=\"elementor-spacer-inner\"><\/div>\n\t\t<\/div>\n\t\t\t\t\t\t<\/div>\n\t\t\t\t<\/div>\n\t\t\t\t\t<\/div>\n\t\t<\/div>\n\t\t\t\t\t<\/div>\n\t\t<\/section>\n\t\t\t\t<section class=\"elementor-section elementor-top-section elementor-element elementor-element-9c16765 elementor-section-boxed elementor-section-height-default elementor-section-height-default\" data-id=\"9c16765\" data-element_type=\"section\" data-e-type=\"section\">\n\t\t\t\t\t\t<div class=\"elementor-container elementor-column-gap-default\">\n\t\t\t\t\t<div class=\"elementor-column elementor-col-100 elementor-top-column elementor-element elementor-element-bd7e423\" data-id=\"bd7e423\" data-element_type=\"column\" data-e-type=\"column\">\n\t\t\t<div class=\"elementor-widget-wrap elementor-element-populated\">\n\t\t\t\t\t\t<div class=\"elementor-element elementor-element-b9d50ed elementor-widget elementor-widget-text-editor\" data-id=\"b9d50ed\" data-element_type=\"widget\" data-e-type=\"widget\" data-settings=\"{&quot;_animation&quot;:&quot;none&quot;}\" data-widget_type=\"text-editor.default\">\n\t\t\t\t<div class=\"elementor-widget-container\">\n\t\t\t\t\t\t\t\t\t<h3 style=\"text-align: center;\"><span style=\"text-decoration: underline; color: #000000;\"><em><b>JORNADA DE CONMEMORACI\u00d3N DE LAS V\u00cdCTIMAS DE LA SHO\u00c1<\/b><\/em><\/span><\/h3><h6 style=\"text-align: center;\"><span style=\"color: #000000;\"><strong><em>Acto Educativo. Sala de C\u00e1mara del Auditorio \u00abPr\u00edncipe Felipe\u00bb, 22 de enero de 2024.<\/em><\/strong><\/span><\/h6><h6 style=\"text-align: center;\"><span style=\"color: #000000;\"><strong><em>\u00a0<\/em><\/strong><\/span><\/h6><p>El 27 de enero se conmemora en todo el mundo el\u00a0D\u00eda de la Memoria del Holocausto (Sho\u00e1) y de Prevenci\u00f3n de Cr\u00edmenes Contra la Humanidad.<\/p><p>Por decimotercer a\u00f1o consecutivo hemos programado el<strong>\u00a0Acto Educativo para alumnado de ESO y Bachillerato<\/strong>\u00a0de Asturias, en colaboraci\u00f3n con la Consejer\u00eda de\u00a0Hacienda y Turismo del Ayuntamiento de Oviedo.<\/p><p>Este acto tendr\u00e1 lugar es\u00a0<strong>\u00a0viernes 22 de enero de 2024,\u00a0en el\u00a0Auditorio \u201cPr\u00edncipe Felipe\u201d de Oviedo.<\/strong><\/p><p>El programa es similar al de a\u00f1os anteriores:<\/p><ul><li>1- \u00bfQu\u00e9 es un jud\u00edo?<\/li><li>2- Breve cr\u00f3nica del Holocausto acompa\u00f1ado de im\u00e1genes.<\/li><li>3- Reflexi\u00f3n sobre el genocidio para comprender los procesos sociales que propician la deshumanizaci\u00f3n e inducir al alumnado a recuperar la responsabilidad social individual y prevenci\u00f3n de la violencia.<\/li><\/ul><p><strong>El horario de la actividad es\u00a0de 9:00 h. a 13:00 h<\/strong>. y\u00a0es una sola actividad para todo el alumnado, con un descanso intermedio de 15 minutos.<\/p><p>Dado que el aforo es limitado, les rogamos se pongan en <strong>contacto a trav\u00e9s del correo-electr\u00f3nico:\u00a0<\/strong><a href=\"mailto:zivialubetkin@gmail.com\" target=\"_blank\" rel=\"noopener\">aqu\u00ed\u00a0<\/a>puesto que las reservas se efectuar\u00e1n por orden de solicitud.\u00a0<\/p><p>Indiquen, por favor,\u00a0 el n\u00famero de alumnos que participar\u00e1n. Les recordamos que el alumnado deber\u00e1 venir acompa\u00f1ado con un docente por cada 20 alumnos.<\/p><p style=\"text-align: left;\"><strong>Le rogamos que d\u00e9 la m\u00e1xima difusi\u00f3n a este escrito e invitamos y animamos a su centro educativo a participar en esta jornada.\u00a0<\/strong><\/p><p style=\"text-align: center;\">Grupo Zivia Lubetkin de Educaci\u00f3n sobre la Sho\u00e1<\/p>\t\t\t\t\t\t\t\t<\/div>\n\t\t\t\t<\/div>\n\t\t\t\t\t<\/div>\n\t\t<\/div>\n\t\t\t\t\t<\/div>\n\t\t<\/section>\n\t\t\t\t<section class=\"elementor-section elementor-top-section elementor-element elementor-element-7982486 elementor-section-boxed elementor-section-height-default elementor-section-height-default\" data-id=\"7982486\" data-element_type=\"section\" data-e-type=\"section\">\n\t\t\t\t\t\t<div class=\"elementor-container elementor-column-gap-default\">\n\t\t\t\t\t<div class=\"elementor-column elementor-col-100 elementor-top-column elementor-element elementor-element-95f26bf\" data-id=\"95f26bf\" data-element_type=\"column\" data-e-type=\"column\">\n\t\t\t<div class=\"elementor-widget-wrap elementor-element-populated\">\n\t\t\t\t\t\t<div class=\"elementor-element elementor-element-80785a1 elementor-widget elementor-widget-image\" data-id=\"80785a1\" data-element_type=\"widget\" data-e-type=\"widget\" data-widget_type=\"image.default\">\n\t\t\t\t<div class=\"elementor-widget-container\">\n\t\t\t\t\t\t\t\t\t\t\t\t\t\t\t<img decoding=\"async\" width=\"840\" height=\"840\" src=\"https:\/\/sefarad-asturias.org\/zivialubetkin\/wp-content\/uploads\/2019\/07\/UNADJUSTEDNONRAW_thumb_f20.jpg\" class=\"attachment-large size-large wp-image-720\" alt=\"\" srcset=\"https:\/\/sefarad-asturias.org\/zivialubetkin\/wp-content\/uploads\/2019\/07\/UNADJUSTEDNONRAW_thumb_f20.jpg 1024w, https:\/\/sefarad-asturias.org\/zivialubetkin\/wp-content\/uploads\/2019\/07\/UNADJUSTEDNONRAW_thumb_f20-150x150.jpg 150w, https:\/\/sefarad-asturias.org\/zivialubetkin\/wp-content\/uploads\/2019\/07\/UNADJUSTEDNONRAW_thumb_f20-300x300.jpg 300w, https:\/\/sefarad-asturias.org\/zivialubetkin\/wp-content\/uploads\/2019\/07\/UNADJUSTEDNONRAW_thumb_f20-768x768.jpg 768w\" sizes=\"(max-width: 840px) 100vw, 840px\" \/>\t\t\t\t\t\t\t\t\t\t\t\t\t\t\t<\/div>\n\t\t\t\t<\/div>\n\t\t\t\t\t<\/div>\n\t\t<\/div>\n\t\t\t\t\t<\/div>\n\t\t<\/section>\n\t\t\t\t<section class=\"elementor-section elementor-top-section elementor-element elementor-element-01acaaa elementor-section-boxed elementor-section-height-default elementor-section-height-default\" data-id=\"01acaaa\" data-element_type=\"section\" data-e-type=\"section\">\n\t\t\t\t\t\t<div class=\"elementor-container elementor-column-gap-default\">\n\t\t\t\t\t<div class=\"elementor-column elementor-col-100 elementor-top-column elementor-element elementor-element-9f3fc75\" data-id=\"9f3fc75\" data-element_type=\"column\" data-e-type=\"column\">\n\t\t\t<div class=\"elementor-widget-wrap elementor-element-populated\">\n\t\t\t\t\t\t<div class=\"elementor-element elementor-element-6756c58 elementor-widget elementor-widget-image\" data-id=\"6756c58\" data-element_type=\"widget\" data-e-type=\"widget\" data-widget_type=\"image.default\">\n\t\t\t\t<div class=\"elementor-widget-container\">\n\t\t\t\t\t\t\t\t\t\t\t\t\t\t\t\t<a href=\"http:\/\/sefarad-asturias.org\/\" target=\"_blank\">\n\t\t\t\t\t\t\t<img decoding=\"async\" width=\"840\" height=\"241\" src=\"https:\/\/sefarad-asturias.org\/zivialubetkin\/wp-content\/uploads\/2021\/10\/Pancarta-antisemitsimo-01-1024x294.jpg\" class=\"attachment-large size-large wp-image-1575\" alt=\"\" srcset=\"https:\/\/sefarad-asturias.org\/zivialubetkin\/wp-content\/uploads\/2021\/10\/Pancarta-antisemitsimo-01-1024x294.jpg 1024w, https:\/\/sefarad-asturias.org\/zivialubetkin\/wp-content\/uploads\/2021\/10\/Pancarta-antisemitsimo-01-300x86.jpg 300w, https:\/\/sefarad-asturias.org\/zivialubetkin\/wp-content\/uploads\/2021\/10\/Pancarta-antisemitsimo-01-768x221.jpg 768w, https:\/\/sefarad-asturias.org\/zivialubetkin\/wp-content\/uploads\/2021\/10\/Pancarta-antisemitsimo-01-1536x441.jpg 1536w, https:\/\/sefarad-asturias.org\/zivialubetkin\/wp-content\/uploads\/2021\/10\/Pancarta-antisemitsimo-01.jpg 1692w\" sizes=\"(max-width: 840px) 100vw, 840px\" \/>\t\t\t\t\t\t\t\t<\/a>\n\t\t\t\t\t\t\t\t\t\t\t\t\t\t\t<\/div>\n\t\t\t\t<\/div>\n\t\t\t\t\t<\/div>\n\t\t<\/div>\n\t\t\t\t\t<\/div>\n\t\t<\/section>\n\t\t\t\t<\/div>\n\t\t","protected":false},"excerpt":{"rendered":"<p>JORNADA DE CONMEMORACI\u00d3N DE LAS V\u00cdCTIMAS DE LA SHO\u00c1 Acto Educativo. Sala de C\u00e1mara del Auditorio \u00abPr\u00edncipe Felipe\u00bb, 22 de enero de 2024. \u00a0 El 27 de enero se conmemora en todo el mundo el\u00a0D\u00eda de la Memoria del Holocausto (Sho\u00e1) y de Prevenci\u00f3n de Cr\u00edmenes Contra la Humanidad. Por decimotercer a\u00f1o consecutivo hemos programado &#8230; <a title=\"Agenda\" class=\"read-more\" href=\"https:\/\/sefarad-asturias.org\/zivialubetkin\/agenda\/\" aria-label=\"Leer m\u00e1s sobre Agenda\">Leer m\u00e1s<\/a><\/p>\n","protected":false},"author":1,"featured_media":0,"parent":0,"menu_order":0,"comment_status":"closed","ping_status":"closed","template":"elementor_header_footer","meta":{"footnotes":""},"class_list":["post-22","page","type-page","status-publish"],"_links":{"self":[{"href":"https:\/\/sefarad-asturias.org\/zivialubetkin\/wp-json\/wp\/v2\/pages\/22","targetHints":{"allow":["GET"]}}],"collection":[{"href":"https:\/\/sefarad-asturias.org\/zivialubetkin\/wp-json\/wp\/v2\/pages"}],"about":[{"href":"https:\/\/sefarad-asturias.org\/zivialubetkin\/wp-json\/wp\/v2\/types\/page"}],"author":[{"embeddable":true,"href":"https:\/\/sefarad-asturias.org\/zivialubetkin\/wp-json\/wp\/v2\/users\/1"}],"replies":[{"embeddable":true,"href":"https:\/\/sefarad-asturias.org\/zivialubetkin\/wp-json\/wp\/v2\/comments?post=22"}],"version-history":[{"count":9,"href":"https:\/\/sefarad-asturias.org\/zivialubetkin\/wp-json\/wp\/v2\/pages\/22\/revisions"}],"predecessor-version":[{"id":1951,"href":"https:\/\/sefarad-asturias.org\/zivialubetkin\/wp-json\/wp\/v2\/pages\/22\/revisions\/1951"}],"wp:attachment":[{"href":"https:\/\/sefarad-asturias.org\/zivialubetkin\/wp-json\/wp\/v2\/media?parent=22"}],"curies":[{"name":"wp","href":"https:\/\/api.w.org\/{rel}","templated":true}]}}