{"id":17,"date":"2019-05-01T20:58:19","date_gmt":"2019-05-01T20:58:19","guid":{"rendered":"http:\/\/sefarad-asturias.org\/zivialubetkin\/?page_id=17"},"modified":"2021-10-20T14:01:54","modified_gmt":"2021-10-20T12:01:54","slug":"equipo","status":"publish","type":"page","link":"https:\/\/sefarad-asturias.org\/zivialubetkin\/equipo\/","title":{"rendered":"Equipo"},"content":{"rendered":"\t\t<div data-elementor-type=\"wp-page\" data-elementor-id=\"17\" class=\"elementor elementor-17\">\n\t\t\t\t\t\t<section class=\"elementor-section elementor-top-section elementor-element elementor-element-92f5548 elementor-section-boxed elementor-section-height-default elementor-section-height-default\" data-id=\"92f5548\" data-element_type=\"section\" data-e-type=\"section\">\n\t\t\t\t\t\t<div class=\"elementor-container elementor-column-gap-default\">\n\t\t\t\t\t<div class=\"elementor-column elementor-col-100 elementor-top-column elementor-element elementor-element-2abfed3\" data-id=\"2abfed3\" data-element_type=\"column\" data-e-type=\"column\">\n\t\t\t<div class=\"elementor-widget-wrap elementor-element-populated\">\n\t\t\t\t\t\t<div class=\"elementor-element elementor-element-cc4c91f elementor-widget elementor-widget-image\" data-id=\"cc4c91f\" data-element_type=\"widget\" data-e-type=\"widget\" data-widget_type=\"image.default\">\n\t\t\t\t<div class=\"elementor-widget-container\">\n\t\t\t\t\t\t\t\t\t\t\t\t\t\t\t<img fetchpriority=\"high\" decoding=\"async\" width=\"825\" height=\"69\" src=\"https:\/\/sefarad-asturias.org\/zivialubetkin\/wp-content\/uploads\/2021\/10\/grupo1.png\" class=\"attachment-large size-large wp-image-1682\" alt=\"\" srcset=\"https:\/\/sefarad-asturias.org\/zivialubetkin\/wp-content\/uploads\/2021\/10\/grupo1.png 825w, https:\/\/sefarad-asturias.org\/zivialubetkin\/wp-content\/uploads\/2021\/10\/grupo1-300x25.png 300w, https:\/\/sefarad-asturias.org\/zivialubetkin\/wp-content\/uploads\/2021\/10\/grupo1-768x64.png 768w\" sizes=\"(max-width: 825px) 100vw, 825px\" \/>\t\t\t\t\t\t\t\t\t\t\t\t\t\t\t<\/div>\n\t\t\t\t<\/div>\n\t\t\t\t\t<\/div>\n\t\t<\/div>\n\t\t\t\t\t<\/div>\n\t\t<\/section>\n\t\t\t\t<section class=\"elementor-section elementor-top-section elementor-element elementor-element-28efc68e elementor-section-stretched elementor-section-boxed elementor-section-height-default elementor-section-height-default\" data-id=\"28efc68e\" data-element_type=\"section\" data-e-type=\"section\" data-settings=\"{&quot;stretch_section&quot;:&quot;section-stretched&quot;}\">\n\t\t\t\t\t\t<div class=\"elementor-container elementor-column-gap-default\">\n\t\t\t\t\t<div class=\"elementor-column elementor-col-33 elementor-top-column elementor-element elementor-element-5c1b21da\" data-id=\"5c1b21da\" data-element_type=\"column\" data-e-type=\"column\">\n\t\t\t<div class=\"elementor-widget-wrap elementor-element-populated\">\n\t\t\t\t\t\t<div class=\"elementor-element elementor-element-2dea508d elementor-invisible elementor-widget elementor-widget-image\" data-id=\"2dea508d\" data-element_type=\"widget\" data-e-type=\"widget\" data-settings=\"{&quot;_animation&quot;:&quot;fadeInUp&quot;}\" data-widget_type=\"image.default\">\n\t\t\t\t<div class=\"elementor-widget-container\">\n\t\t\t\t\t\t\t\t\t\t\t\t\t\t\t<img decoding=\"async\" width=\"840\" height=\"854\" src=\"https:\/\/sefarad-asturias.org\/zivialubetkin\/wp-content\/uploads\/2021\/10\/Sin-ti\u0301tziviz-sideu-01-1007x1024.png\" class=\"attachment-large size-large wp-image-1624\" alt=\"\" srcset=\"https:\/\/sefarad-asturias.org\/zivialubetkin\/wp-content\/uploads\/2021\/10\/Sin-ti\u0301tziviz-sideu-01-1007x1024.png 1007w, https:\/\/sefarad-asturias.org\/zivialubetkin\/wp-content\/uploads\/2021\/10\/Sin-ti\u0301tziviz-sideu-01-295x300.png 295w, https:\/\/sefarad-asturias.org\/zivialubetkin\/wp-content\/uploads\/2021\/10\/Sin-ti\u0301tziviz-sideu-01-768x781.png 768w, https:\/\/sefarad-asturias.org\/zivialubetkin\/wp-content\/uploads\/2021\/10\/Sin-ti\u0301tziviz-sideu-01-1511x1536.png 1511w, https:\/\/sefarad-asturias.org\/zivialubetkin\/wp-content\/uploads\/2021\/10\/Sin-ti\u0301tziviz-sideu-01-2015x2048.png 2015w\" sizes=\"(max-width: 840px) 100vw, 840px\" \/>\t\t\t\t\t\t\t\t\t\t\t\t\t\t\t<\/div>\n\t\t\t\t<\/div>\n\t\t\t\t<div class=\"elementor-element elementor-element-d089b03 elementor-invisible elementor-widget elementor-widget-image\" data-id=\"d089b03\" data-element_type=\"widget\" data-e-type=\"widget\" data-settings=\"{&quot;_animation&quot;:&quot;fadeInUp&quot;}\" data-widget_type=\"image.default\">\n\t\t\t\t<div class=\"elementor-widget-container\">\n\t\t\t\t\t\t\t\t\t\t\t\t\t\t\t\t<a href=\"http:\/\/sefarad-asturias.org\/kehila\" target=\"_blank\">\n\t\t\t\t\t\t\t<img decoding=\"async\" width=\"506\" height=\"455\" src=\"https:\/\/sefarad-asturias.org\/zivialubetkin\/wp-content\/uploads\/2021\/10\/Sin-ti\u0301tziviz-sideulo-1.png\" class=\"attachment-medium_large size-medium_large wp-image-1806\" alt=\"\" srcset=\"https:\/\/sefarad-asturias.org\/zivialubetkin\/wp-content\/uploads\/2021\/10\/Sin-ti\u0301tziviz-sideulo-1.png 506w, https:\/\/sefarad-asturias.org\/zivialubetkin\/wp-content\/uploads\/2021\/10\/Sin-ti\u0301tziviz-sideulo-1-300x270.png 300w\" sizes=\"(max-width: 506px) 100vw, 506px\" \/>\t\t\t\t\t\t\t\t<\/a>\n\t\t\t\t\t\t\t\t\t\t\t\t\t\t\t<\/div>\n\t\t\t\t<\/div>\n\t\t\t\t\t<\/div>\n\t\t<\/div>\n\t\t\t\t<div class=\"elementor-column elementor-col-66 elementor-top-column elementor-element elementor-element-780df30e\" data-id=\"780df30e\" data-element_type=\"column\" data-e-type=\"column\">\n\t\t\t<div class=\"elementor-widget-wrap elementor-element-populated\">\n\t\t\t\t\t\t<div class=\"elementor-element elementor-element-6a21e397 elementor-tabs-view-horizontal elementor-widget elementor-widget-tabs\" data-id=\"6a21e397\" data-element_type=\"widget\" data-e-type=\"widget\" data-widget_type=\"tabs.default\">\n\t\t\t\t<div class=\"elementor-widget-container\">\n\t\t\t\t\t\t\t<div class=\"elementor-tabs\">\n\t\t\t<div class=\"elementor-tabs-wrapper\" role=\"tablist\" >\n\t\t\t\t\t\t\t\t\t<div id=\"elementor-tab-title-1781\" class=\"elementor-tab-title elementor-tab-desktop-title\" aria-selected=\"true\" data-tab=\"1\" role=\"tab\" tabindex=\"0\" aria-controls=\"elementor-tab-content-1781\" aria-expanded=\"false\">Grupo Zivia Lubetkin<\/div>\n\t\t\t\t\t\t\t\t\t<div id=\"elementor-tab-title-1782\" class=\"elementor-tab-title elementor-tab-desktop-title\" aria-selected=\"false\" data-tab=\"2\" role=\"tab\" tabindex=\"-1\" aria-controls=\"elementor-tab-content-1782\" aria-expanded=\"false\">Objetivo<\/div>\n\t\t\t\t\t\t\t\t\t<div id=\"elementor-tab-title-1783\" class=\"elementor-tab-title elementor-tab-desktop-title\" aria-selected=\"false\" data-tab=\"3\" role=\"tab\" tabindex=\"-1\" aria-controls=\"elementor-tab-content-1783\" aria-expanded=\"false\">Jornadas Educativas<\/div>\n\t\t\t\t\t\t\t<\/div>\n\t\t\t<div class=\"elementor-tabs-content-wrapper\" role=\"tablist\" aria-orientation=\"vertical\">\n\t\t\t\t\t\t\t\t\t<div class=\"elementor-tab-title elementor-tab-mobile-title\" aria-selected=\"true\" data-tab=\"1\" role=\"tab\" tabindex=\"0\" aria-controls=\"elementor-tab-content-1781\" aria-expanded=\"false\">Grupo Zivia Lubetkin<\/div>\n\t\t\t\t\t<div id=\"elementor-tab-content-1781\" class=\"elementor-tab-content elementor-clearfix\" data-tab=\"1\" role=\"tabpanel\" aria-labelledby=\"elementor-tab-title-1781\" tabindex=\"0\" hidden=\"false\"><p style=\"margin-top: 15px; margin-bottom: 30px; font-size: 14.000000953674316px; line-height: 24px; caret-color: #999999; color: #999999; font-family: Tahoma, Geneva, sans-serif; text-align: left;\" align=\"justify\"><span style=\"color: #000000;\">El grupo \u00ab<a href=\"http:\/\/www.zivialubetkin.org\">Zivia Lubetkin<\/a>\u00bb\u00a0est\u00e1 integrado por personas de campos variados pertenecientes a la Comunidad Israelita de Asturias (Oviedo, Espa\u00f1a), a quienes nos preocupa esencialmente el desconocimiento que padecen los estudiantes y la sociedad en general, de lo que fue y supuso el Holocausto nazi, llamado \u00abla Sho\u00e1\u00bb por los jud\u00edos.\u00a0<\/span><\/p><p style=\"margin-top: 15px; margin-bottom: 30px; font-size: 14.000000953674316px; line-height: 24px; caret-color: #999999; color: #999999; font-family: Tahoma, Geneva, sans-serif; text-align: left;\" align=\"justify\"><span style=\"color: #000000;\">El nombre del grupo surgi\u00f3 como un modesto intento de dar continuidad a las palabras de Zivia Lubetkin, sobreviviente a la barbarie nazi, participante activa en la sublevaci\u00f3n del Gueto de Varsovia y luchadora en la resistencia polaca:\u00a0<\/span><em><span style=\"color: #000000;\"><strong>\u00ab&#8230; Fue la educaci\u00f3n que recibimos lo que nos dio la fuerza para sobrevivir ese per\u00edodo.\u00bb<\/strong><\/span><\/em><\/p><p style=\"margin-top: 15px; margin-bottom: 30px; font-size: 14.000000953674316px; line-height: 24px; caret-color: #999999; color: #999999; font-family: Tahoma, Geneva, sans-serif; text-align: left;\" align=\"justify\"><span style=\"color: #000000;\">La singularidad de la Sho\u00e1 hace su presencia obligada en todos los sistemas educativos. As\u00ed lo establece en sus conclusiones el<strong>\u00a0FORO INTERNACIONAL DE ESTOCOLMO\u00a0<\/strong>del a\u00f1o 2000, y la\u00a0<strong>RESOLUCI\u00d3N DE LA ONU<\/strong>\u00a0de 2005. En la actualidad est\u00e1 presente en la mayor parte de los curr\u00edculos europeos. La educaci\u00f3n sobre la Sho\u00e1 fue acordada por un grupo de expertos, que han visto en esta tremenda tragedia el ejemplo por antonomasia de la brutalidad a la que puede llegar el ser humano.\u00a0<\/span><\/p><\/div>\n\t\t\t\t\t\t\t\t\t<div class=\"elementor-tab-title elementor-tab-mobile-title\" aria-selected=\"false\" data-tab=\"2\" role=\"tab\" tabindex=\"-1\" aria-controls=\"elementor-tab-content-1782\" aria-expanded=\"false\">Objetivo<\/div>\n\t\t\t\t\t<div id=\"elementor-tab-content-1782\" class=\"elementor-tab-content elementor-clearfix\" data-tab=\"2\" role=\"tabpanel\" aria-labelledby=\"elementor-tab-title-1782\" tabindex=\"0\" hidden=\"hidden\"><p style=\"margin-top: 15px; margin-bottom: 30px; font-size: 14.000000953674316px; line-height: 24px; caret-color: #999999; color: #999999; font-family: Tahoma, Geneva, sans-serif;\" align=\"justify\"><span style=\"color: #000000;\">Espa\u00f1a mantiene el compromiso firme de que el estudio de la Sho\u00e1 se incluya de forma espec\u00edfica en el curr\u00edculo, para as\u00ed paliar una carencia importante dentro del sistema educativo espa\u00f1ol. Es f\u00e1cilmente constatable que, actualmente, el alumnado de Ense\u00f1anza Secundaria y Bachillerato desconoce la Sho\u00e1, tanto en el \u00e1mbito hist\u00f3rico como, y sobre todo, en el humano. En este contexto, la necesidad es patente: no podemos educar a las generaciones futuras sin que tengan conocimiento de lo que supuso la mayor barbarie en la historia de la humanidad.\u00a0<\/span><\/p><p style=\"margin-top: 15px; margin-bottom: 30px; font-size: 14.000000953674316px; line-height: 24px; caret-color: #999999; color: #999999; font-family: Tahoma, Geneva, sans-serif;\" align=\"justify\"><span style=\"color: #000000;\">Otra motivaci\u00f3n importante es la preocupaci\u00f3n por el crecimiento del racismo y la xenofobia en el mundo.\u00a0<\/span><span style=\"color: #000000; text-align: left;\">Los objetivos educativos que nos planteamos son dos, de tipo muy elemental:<\/span><\/p><div style=\"caret-color: #999999; color: #999999; font-family: Tahoma, Geneva, sans-serif; font-size: 14.000000953674316px;\" align=\"justify\"><ul><li><span style=\"color: #000000;\">Acercar el conocimiento de la Sho\u00e1 al alumnado de Ense\u00f1anza Secundaria y Bachillerato proporcionando al profesorado una serie de recursos de f\u00e1cil acceso y manejo para que pueda llevarlo al aula.\u00a0<\/span><\/li><li><span style=\"color: #000000;\">Acercar el conocimiento de la Sho\u00e1 a la sociedad en general.\u00a0<\/span><\/li><\/ul><\/div><\/div>\n\t\t\t\t\t\t\t\t\t<div class=\"elementor-tab-title elementor-tab-mobile-title\" aria-selected=\"false\" data-tab=\"3\" role=\"tab\" tabindex=\"-1\" aria-controls=\"elementor-tab-content-1783\" aria-expanded=\"false\">Jornadas Educativas<\/div>\n\t\t\t\t\t<div id=\"elementor-tab-content-1783\" class=\"elementor-tab-content elementor-clearfix\" data-tab=\"3\" role=\"tabpanel\" aria-labelledby=\"elementor-tab-title-1783\" tabindex=\"0\" hidden=\"hidden\"><p style=\"margin-top: 15px; margin-bottom: 30px; font-size: 14.000000953674316px; line-height: 24px; caret-color: #999999; color: #999999; font-family: Tahoma, Geneva, sans-serif;\" align=\"justify\"><span style=\"color: #000000;\">Cada a\u00f1o es organizada en Oviedo una\u00a0<strong>Jornada Educativa de Conmemoraci\u00f3n de las V\u00edctimas de la Sho\u00e1,\u00a0<\/strong>que sirve de complemento a la jornada mundial establecida por la ONU el 27 de enero. En esta labor colabora la Consejer\u00eda de Educaci\u00f3n y Cultura del Principado de Asturias y el Ayuntamiento de Oviedo y tiene lugar en el Auditorio \u00abPrincipe Felipe\u00bb, en fecha cercana al 27 de Enero, fecha de conmemoraci\u00f3n de la liberaci\u00f3n de Auschwitz. <\/span><\/p><p style=\"margin-top: 15px; margin-bottom: 30px; font-size: 14.000000953674316px; line-height: 24px; caret-color: #999999; color: #999999; font-family: Tahoma, Geneva, sans-serif;\" align=\"justify\"><span style=\"color: #000000;\">En este sitio web (que iremos ampliando) hemos preparado\u00a0<strong>5 Unidades Did\u00e1cticas y diversos materiales,\u00a0<\/strong>como herramientas que permitir\u00e1n un f\u00e1cil acercamiento del alumnado al tema. A trav\u00e9s de conferencias, exposiciones, ciclos de cine, etc. intentamos hacer llegar a la sociedad el mensaje de las v\u00edctimas, de los supervivientes.\u00a0<\/span><span style=\"color: #000000;\">Todo ello a fin de hacer realidad la frase de Theodor W. Adorno:\u00a0<em><strong>\u00abLa exigencia de que Auschwitz no se repita es la primera de todas las que hay que replantear en la educaci\u00f3n\u201d.<\/strong><\/em><\/span><\/p><p style=\"margin-top: 15px; margin-bottom: 30px; font-size: 14.000000953674316px; line-height: 24px; caret-color: #999999; color: #999999; font-family: Tahoma, Geneva, sans-serif;\" align=\"justify\"><span style=\"color: #000000;\">Para la realizaci\u00f3n de esta p\u00e1gina web hemos contado con la colaboraci\u00f3n de <strong><a style=\"color: #000000;\" href=\"http:\/\/www.yadvashem.org\">Yad Vashem\u00a0<\/a><\/strong>(Autoridad para el Recuerdo de los M\u00e1rtires y H\u00e9roes de la Sho\u00e1, ubicado en Jerusal\u00e9m)\u00a0que nos ha permitido utilizar gran parte del material aqu\u00ed expuesto.<\/span><\/p><p style=\"margin-top: 15px; margin-bottom: 30px; font-size: 14.000000953674316px; line-height: 24px; caret-color: #999999; color: #999999; font-family: Tahoma, Geneva, sans-serif;\" align=\"justify\"><span style=\"color: #000000;\">El Grupo Zivia Lubetkin es promovido y sustentado por la <strong><a style=\"color: #000000;\" href=\"http:\/\/www.sefarad-asturias.org\">Comunidad Jud\u00eda del Principado de Asturias \u00abBeit Emun\u00e1h\u00bb<\/a><\/strong>, ubicada en Oviedo. Una de sus miembros participa activamente en el Grupo de Reflexi\u00f3n sobre la Ense\u00f1anza de la Sho\u00e1, promovido por el <strong><a style=\"color: #000000;\" href=\"http:\/\/www.sefarad-israel.es\">Centro Sefarad-Israel<\/a><\/strong>, dependiente del Ministerio de Justicia del Gobierno de Espa\u00f1a.<\/span><\/p><\/div>\n\t\t\t\t\t\t\t<\/div>\n\t\t<\/div>\n\t\t\t\t\t\t<\/div>\n\t\t\t\t<\/div>\n\t\t\t\t\t<\/div>\n\t\t<\/div>\n\t\t\t\t\t<\/div>\n\t\t<\/section>\n\t\t\t\t<section class=\"elementor-section elementor-top-section elementor-element elementor-element-c98216b elementor-section-boxed elementor-section-height-default elementor-section-height-default\" data-id=\"c98216b\" data-element_type=\"section\" data-e-type=\"section\">\n\t\t\t\t\t\t<div class=\"elementor-container elementor-column-gap-default\">\n\t\t\t\t\t<div class=\"elementor-column elementor-col-100 elementor-top-column elementor-element elementor-element-e43c24c\" data-id=\"e43c24c\" data-element_type=\"column\" data-e-type=\"column\">\n\t\t\t<div class=\"elementor-widget-wrap elementor-element-populated\">\n\t\t\t\t\t\t<div class=\"elementor-element elementor-element-c200bfd elementor-widget elementor-widget-spacer\" data-id=\"c200bfd\" data-element_type=\"widget\" data-e-type=\"widget\" data-widget_type=\"spacer.default\">\n\t\t\t\t<div class=\"elementor-widget-container\">\n\t\t\t\t\t\t\t<div class=\"elementor-spacer\">\n\t\t\t<div class=\"elementor-spacer-inner\"><\/div>\n\t\t<\/div>\n\t\t\t\t\t\t<\/div>\n\t\t\t\t<\/div>\n\t\t\t\t\t<\/div>\n\t\t<\/div>\n\t\t\t\t\t<\/div>\n\t\t<\/section>\n\t\t\t\t<section class=\"elementor-section elementor-top-section elementor-element elementor-element-7143479 elementor-section-boxed elementor-section-height-default elementor-section-height-default\" data-id=\"7143479\" data-element_type=\"section\" data-e-type=\"section\">\n\t\t\t\t\t\t<div class=\"elementor-container elementor-column-gap-default\">\n\t\t\t\t\t<div class=\"elementor-column elementor-col-100 elementor-top-column elementor-element elementor-element-437a7d0\" data-id=\"437a7d0\" data-element_type=\"column\" data-e-type=\"column\">\n\t\t\t<div class=\"elementor-widget-wrap elementor-element-populated\">\n\t\t\t\t\t\t<div class=\"elementor-element elementor-element-89d23b7 elementor-widget elementor-widget-spacer\" data-id=\"89d23b7\" data-element_type=\"widget\" data-e-type=\"widget\" data-widget_type=\"spacer.default\">\n\t\t\t\t<div class=\"elementor-widget-container\">\n\t\t\t\t\t\t\t<div class=\"elementor-spacer\">\n\t\t\t<div class=\"elementor-spacer-inner\"><\/div>\n\t\t<\/div>\n\t\t\t\t\t\t<\/div>\n\t\t\t\t<\/div>\n\t\t\t\t\t<\/div>\n\t\t<\/div>\n\t\t\t\t\t<\/div>\n\t\t<\/section>\n\t\t\t\t<\/div>\n\t\t","protected":false},"excerpt":{"rendered":"<p>Grupo Zivia Lubetkin Objetivo Jornadas Educativas Grupo Zivia Lubetkin El grupo \u00abZivia Lubetkin\u00bb\u00a0est\u00e1 integrado por personas de campos variados pertenecientes a la Comunidad Israelita de Asturias (Oviedo, Espa\u00f1a), a quienes nos preocupa esencialmente el desconocimiento que padecen los estudiantes y la sociedad en general, de lo que fue y supuso el Holocausto nazi, llamado \u00abla &#8230; <a title=\"Equipo\" class=\"read-more\" href=\"https:\/\/sefarad-asturias.org\/zivialubetkin\/equipo\/\" aria-label=\"Leer m\u00e1s sobre Equipo\">Leer m\u00e1s<\/a><\/p>\n","protected":false},"author":1,"featured_media":0,"parent":0,"menu_order":0,"comment_status":"closed","ping_status":"closed","template":"elementor_header_footer","meta":{"footnotes":""},"class_list":["post-17","page","type-page","status-publish"],"_links":{"self":[{"href":"https:\/\/sefarad-asturias.org\/zivialubetkin\/wp-json\/wp\/v2\/pages\/17","targetHints":{"allow":["GET"]}}],"collection":[{"href":"https:\/\/sefarad-asturias.org\/zivialubetkin\/wp-json\/wp\/v2\/pages"}],"about":[{"href":"https:\/\/sefarad-asturias.org\/zivialubetkin\/wp-json\/wp\/v2\/types\/page"}],"author":[{"embeddable":true,"href":"https:\/\/sefarad-asturias.org\/zivialubetkin\/wp-json\/wp\/v2\/users\/1"}],"replies":[{"embeddable":true,"href":"https:\/\/sefarad-asturias.org\/zivialubetkin\/wp-json\/wp\/v2\/comments?post=17"}],"version-history":[{"count":0,"href":"https:\/\/sefarad-asturias.org\/zivialubetkin\/wp-json\/wp\/v2\/pages\/17\/revisions"}],"wp:attachment":[{"href":"https:\/\/sefarad-asturias.org\/zivialubetkin\/wp-json\/wp\/v2\/media?parent=17"}],"curies":[{"name":"wp","href":"https:\/\/api.w.org\/{rel}","templated":true}]}}